{"id":840,"date":"2019-04-04T09:38:26","date_gmt":"2019-04-04T09:38:26","guid":{"rendered":"http:\/\/generaction.resursecivice.ro\/?page_id=840"},"modified":"2020-06-25T14:26:06","modified_gmt":"2020-06-25T11:26:06","slug":"resurse","status":"publish","type":"page","link":"http:\/\/generaction.resursecivice.ro\/index.php\/resurse\/","title":{"rendered":"Resurse"},"content":{"rendered":"<div class=\"fusion-fullwidth fullwidth-box fusion-builder-row-1 nonhundred-percent-fullwidth non-hundred-percent-height-scrolling\" style=\"background-color: rgba(255,255,255,0);background-position: center center;background-repeat: no-repeat;padding-top:0px;padding-right:30px;padding-bottom:0px;padding-left:30px;margin-bottom: 0px;margin-top: 0px;border-width: 0px 0px 0px 0px;border-color:#eae9e9;border-style:solid;\" ><div class=\"fusion-builder-row fusion-row\"><div class=\"fusion-layout-column fusion_builder_column fusion-builder-column-0 fusion_builder_column_1_1 1_1 fusion-one-full fusion-column-first fusion-column-last\" style=\"margin-top:0px;margin-bottom:0px;\"><div class=\"fusion-column-wrapper fusion-flex-column-wrapper-legacy\" style=\"background-position:left top;background-repeat:no-repeat;-webkit-background-size:cover;-moz-background-size:cover;-o-background-size:cover;background-size:cover;padding: 0px 0px 0px 0px;\"><div class=\"fusion-text fusion-text-1\"><p>Dezvoltarea durabila se realizeaza cu ajutorul nostru, al tuturor. In efortul colectiv de a face bine in lume, ne sunt utile cateva resurse.<\/p>\n<\/div><style type=\"text\/css\">#accordion-840-1 .fusion-panel:hover{ border-color: #e0dede } #accordion-840-1 .fusion-panel { border-color:#e0dede; }.fusion-accordian  #accordion-840-1 .panel-title a .fa-fusion-box{ color: #ffffff;}.fusion-accordian  #accordion-840-1 .panel-title a .fa-fusion-box:before{ font-size: 13px; width: 13px;}.fusion-accordian  #accordion-840-1 .panel-title a{font-size:24px;color:#25afb4;font-family:\"Roboto Slab\";font-weight:400;}.fusion-accordian  #accordion-840-1 .toggle-content{font-size:16px;color:#858a9f;font-family:\"Roboto Slab\";font-weight:300;}.fusion-accordian  #accordion-840-1 .fa-fusion-box { background-color: #4c5166;border-color: #4c5166;}.fusion-accordian  #accordion-840-1 .panel-title a:not(.active):hover, #accordion-840-1 .fusion-toggle-boxed-mode:hover .panel-title a { color: #25afb4;}.fusion-accordian  #accordion-840-1 .panel-title .active .fa-fusion-box,.fusion-accordian  #accordion-840-1 .panel-title a:not(.active):hover .fa-fusion-box { background-color: #25afb4!important;border-color: #25afb4!important;}<\/style><div class=\"accordian fusion-accordian fusion-no-small-visibility\"><div class=\"panel-group\" id=\"accordion-840-1\"><style type=\"text\/css\">.fusion-accordian  #accordion-840-1 .panel-16ae9d8333458b1ee .panel-title a{}.fusion-accordian  #accordion-840-1 .panel-16ae9d8333458b1ee .toggle-content{}<\/style><div class=\"fusion-panel panel-default panel-16ae9d8333458b1ee\"><div class=\"panel-heading\"><h4 class=\"panel-title toggle\"><a class=\"active\" aria-expanded=\"true\" aria-controls=\"16ae9d8333458b1ee\" role=\"button\" data-toggle=\"collapse\" data-target=\"#16ae9d8333458b1ee\" href=\"#16ae9d8333458b1ee\"><span class=\"fusion-toggle-icon-wrapper\" aria-hidden=\"true\"><i class=\"fa-fusion-box active-icon awb-icon-minus\" aria-hidden=\"true\"><\/i><i class=\"fa-fusion-box inactive-icon awb-icon-plus\" aria-hidden=\"true\"><\/i><\/span><span class=\"fusion-toggle-heading\">Produse de proiectul GenerAction<\/span><\/a><\/h4><\/div><div id=\"16ae9d8333458b1ee\" class=\"panel-collapse collapse in\"><div class=\"panel-body toggle-content fusion-clearfix\">\n<div class=\"video-shortcode\">\n<div data-url=\"https:\/\/issuu.com\/resursecivice\/docs\/brosura_centrul_civic_copy\" style=\"width: 1170px; height: 828px;\" class=\"issuuembed\"><\/div>\n<p><script type=\"text\/javascript\" src=\"\/\/e.issuu.com\/embed.js\" async=\"true\"><\/script><\/div>\n<\/div><\/div><\/div><style type=\"text\/css\">.fusion-accordian  #accordion-840-1 .panel-60bb8ba7da90e146c .panel-title a{}.fusion-accordian  #accordion-840-1 .panel-60bb8ba7da90e146c .toggle-content{}<\/style><div class=\"fusion-panel panel-default panel-60bb8ba7da90e146c\"><div class=\"panel-heading\"><h4 class=\"panel-title toggle\"><a aria-expanded=\"false\" aria-controls=\"60bb8ba7da90e146c\" role=\"button\" data-toggle=\"collapse\" data-target=\"#60bb8ba7da90e146c\" href=\"#60bb8ba7da90e146c\"><span class=\"fusion-toggle-icon-wrapper\" aria-hidden=\"true\"><i class=\"fa-fusion-box active-icon awb-icon-minus\" aria-hidden=\"true\"><\/i><i class=\"fa-fusion-box inactive-icon awb-icon-plus\" aria-hidden=\"true\"><\/i><\/span><span class=\"fusion-toggle-heading\">Resurse ale Guvernului Romaniei<\/span><\/a><\/h4><\/div><div id=\"60bb8ba7da90e146c\" class=\"panel-collapse collapse \"><div class=\"panel-body toggle-content fusion-clearfix\">\n<p>Rom\u00e2nia, \u00een calitate de stat membru al Organiza\u021biei Na\u021biunilor Unite (ONU) \u0219i Uniunii Europene (UE), \u0219i-a exprimat adeziunea la cele 17 Obiective de Dezvoltare Durabil\u0103 (ODD) ale Agendei 2030.<\/p>\n<p>Departamentul pentru Dezvoltare Durabila, structura in cadrul Guvernului Romaniei, a creat &#8220;Strategia na\u021bional\u0103 pentru dezvoltarea durabil\u0103 a Rom\u00e2niei 2030&#8221;. Ea poate fi consultata <a href=\"http:\/\/dezvoltaredurabila.gov.ro\/web\/despre\/\" target=\"_blank\" rel=\"noopener noreferrer\">aici.<\/a><\/p>\n<\/div><\/div><\/div><style type=\"text\/css\">.fusion-accordian  #accordion-840-1 .panel-9c5bf652334cacfb1 .panel-title a{}.fusion-accordian  #accordion-840-1 .panel-9c5bf652334cacfb1 .toggle-content{}<\/style><div class=\"fusion-panel panel-default panel-9c5bf652334cacfb1\"><div class=\"panel-heading\"><h4 class=\"panel-title toggle\"><a aria-expanded=\"false\" aria-controls=\"9c5bf652334cacfb1\" role=\"button\" data-toggle=\"collapse\" data-target=\"#9c5bf652334cacfb1\" href=\"#9c5bf652334cacfb1\"><span class=\"fusion-toggle-icon-wrapper\" aria-hidden=\"true\"><i class=\"fa-fusion-box active-icon awb-icon-minus\" aria-hidden=\"true\"><\/i><i class=\"fa-fusion-box inactive-icon awb-icon-plus\" aria-hidden=\"true\"><\/i><\/span><span class=\"fusion-toggle-heading\">Podcasturile GenerAction - Yes You Can<\/span><\/a><\/h4><\/div><div id=\"9c5bf652334cacfb1\" class=\"panel-collapse collapse \"><div class=\"panel-body toggle-content fusion-clearfix\">Patru invitati relevent pentru tineri se destainuie in cadrul podcastului GenerAction. Fiecare exceleaza in cate un domeniu.<\/p>\n<p>Descopera fiecare invitat si cu ce poate contribui la dezvoltarea tinerilor!<\/p>\n<p>Poti asculta si alte podcasturi pe teme de voluntariat, CSR si civism pe situl: <a href=\"http:\/\/yesyoucan.citypodcast.ro\/\" target=\"_blank\" rel=\"noopener noreferrer\">http:\/\/yesyoucan.citypodcast.ro\/<\/a><\/p>\n<p><iframe src=\"https:\/\/anchor.fm\/yesyoucanro\/embed\/episodes\/044-Mdlina-Petrencu--despre-voluntariatul-prin-teatru-ee1675\/a-a26gn53\" width=\"400px\" height=\"102px\" frameborder=\"0\" scrolling=\"no\"><\/iframe><\/p>\n<p><iframe src=\"https:\/\/anchor.fm\/yesyoucanro\/embed\/episodes\/043-Daniel-Antonaru-promoveaz-sportul-prin-evenimente-inedite-la-Constana-ee166l\/a-a26gn3l\" width=\"400px\" height=\"102px\" frameborder=\"0\" scrolling=\"no\"><\/iframe><\/p>\n<p><iframe src=\"https:\/\/anchor.fm\/yesyoucanro\/embed\/episodes\/042-Diana-Slav-i-tururile-pietonale-prin-Constana-ee166c\/a-a26gn3f\" width=\"400px\" height=\"102px\" frameborder=\"0\" scrolling=\"no\"><\/iframe><\/p>\n<p><iframe src=\"https:\/\/anchor.fm\/yesyoucanro\/embed\/episodes\/041-Romina-Matei--despre-nevoia-de-formare-pentru-tineri-ee1678\/a-a26gn3c\" width=\"400px\" height=\"102px\" frameborder=\"0\" scrolling=\"no\"><\/iframe><\/div><\/div><\/div><\/div><\/div><div class=\"fusion-clearfix\"><\/div><\/div><\/div><\/div><\/div>\n","protected":false},"excerpt":{"rendered":"","protected":false},"author":1,"featured_media":0,"parent":0,"menu_order":0,"comment_status":"closed","ping_status":"closed","template":"","meta":{"footnotes":""},"class_list":["post-840","page","type-page","status-publish","hentry"],"_links":{"self":[{"href":"http:\/\/generaction.resursecivice.ro\/index.php\/wp-json\/wp\/v2\/pages\/840","targetHints":{"allow":["GET"]}}],"collection":[{"href":"http:\/\/generaction.resursecivice.ro\/index.php\/wp-json\/wp\/v2\/pages"}],"about":[{"href":"http:\/\/generaction.resursecivice.ro\/index.php\/wp-json\/wp\/v2\/types\/page"}],"author":[{"embeddable":true,"href":"http:\/\/generaction.resursecivice.ro\/index.php\/wp-json\/wp\/v2\/users\/1"}],"replies":[{"embeddable":true,"href":"http:\/\/generaction.resursecivice.ro\/index.php\/wp-json\/wp\/v2\/comments?post=840"}],"version-history":[{"count":20,"href":"http:\/\/generaction.resursecivice.ro\/index.php\/wp-json\/wp\/v2\/pages\/840\/revisions"}],"predecessor-version":[{"id":1011,"href":"http:\/\/generaction.resursecivice.ro\/index.php\/wp-json\/wp\/v2\/pages\/840\/revisions\/1011"}],"wp:attachment":[{"href":"http:\/\/generaction.resursecivice.ro\/index.php\/wp-json\/wp\/v2\/media?parent=840"}],"curies":[{"name":"wp","href":"https:\/\/api.w.org\/{rel}","templated":true}]}}